{"id":2778,"date":"2026-01-20T14:31:26","date_gmt":"2026-01-20T13:31:26","guid":{"rendered":"https:\/\/cargosoft.de\/company\/career\/"},"modified":"2026-01-20T14:31:30","modified_gmt":"2026-01-20T13:31:30","slug":"career","status":"publish","type":"page","link":"https:\/\/cargosoft.de\/en\/company\/career\/","title":{"rendered":"Career"},"content":{"rendered":"\n<p>As one of Europe&#8217;s leading providers of tailor-made software solutions for the transportation and logistics industry, we are regularly on the lookout for employees who want to help us build on our success. At the interface of IT and logistics, we connect two future industries. Become part of our competent, committed team. With us you can expect responsible and varied tasks. <\/p>\n\n<p>CargoSoft from Bremen, Germany is a medium-sized software service provider that specializes in digital solutions for the logistics and transport industry. Founded in 1990, our customers include over 300 international freight forwarding and logistics service providers, industrial and trading companies on all continents. Behind this is a team of around 80 employees who are committed to the quality and further development of our software with competence and passion. <\/p>\n\n<div id=\"gutegruende\" class=\"wp-block-group has-cs-orange-background-color has-background is-layout-flow wp-block-group-is-layout-flow\" style=\"margin-top:var(--wp--preset--spacing--40);margin-bottom:var(--wp--preset--spacing--40);padding-top:var(--wp--preset--spacing--40);padding-right:var(--wp--preset--spacing--40);padding-bottom:var(--wp--preset--spacing--40);padding-left:var(--wp--preset--spacing--40)\">\n<h2 class=\"wp-block-heading has-cs-white-color has-text-color has-link-color wp-elements-43b65761bef526c492ee673c9446036a\">Good reasons for CargoSoft<\/h2>\n\n\n\n<div class=\"wp-block-columns has-cs-white-color has-cs-orange-background-color has-text-color has-background has-link-color wp-elements-40b96fae19d7f84075fd9f76af0ea5a7 is-layout-flex wp-container-core-columns-is-layout-a5331a9e wp-block-columns-is-layout-flex\" style=\"padding-top:0;padding-right:0;padding-bottom:0;padding-left:0\">\n<div class=\"wp-block-column is-layout-flow wp-block-column-is-layout-flow\">\n<ul class=\"wp-block-list is-style-checkmark\">\n<li>Versatile, varied and responsible tasks<\/li>\n\n\n\n<li>An attractive working environment at a medium-sized company<\/li>\n\n\n\n<li>Employment relationship with long-term perspective<\/li>\n\n\n\n<li>Attractive pay<\/li>\n\n\n\n<li>capital accumulation benefits<\/li>\n\n\n\n<li>30 days vacation<\/li>\n\n\n\n<li>Short decision-making processes and flat hierarchies<\/li>\n\n\n\n<li>Open, team-oriented and pleasant working atmosphere<\/li>\n\n\n\n<li>Coffee, tea and mineral water for all employees<\/li>\n<\/ul>\n<\/div>\n\n\n\n<div class=\"wp-block-column is-layout-flow wp-block-column-is-layout-flow\">\n<ul class=\"wp-block-list is-style-checkmark\">\n<li>Flexible working hours and workplace arrangements (mobile \/ remote working, modern equipment with at least two monitors per workstation, space for meetings, but also space for concentrated work)<\/li>\n\n\n\n<li>Dogs allowed in the office if compatible<\/li>\n\n\n\n<li>Good public transport connections<\/li>\n\n\n\n<li>Employee parking spaces directly at the company location<\/li>\n\n\n\n<li>Accessibility<\/li>\n\n\n\n<li>Company fitness \u201cEGYM \/ Wellpass\u201d and JobRad (the company bike concept)<\/li>\n<\/ul>\n<\/div>\n<\/div>\n<\/div>\n\n<h2 class=\"wp-block-heading\">Our vacancies<\/h2>\n\n<p>Take a look at the positions we regularly fill or visit our <a href=\"\/jobs\">vacancies<\/a> section.<\/p>\n\n<p>You can also visit our company profiles on <a href=\"https:\/\/www.stepstone.de\/cmp\/de\/Cargosoft-GmbH-119534\/jobs.html\" target=\"_blank\" rel=\"noreferrer noopener nofollow\"><strong>StepStone<\/strong><\/a> or <a href=\"https:\/\/de.indeed.com\/cmp\/Cargosoft-Gmbh-2\/about\" target=\"_blank\" rel=\"noreferrer noopener nofollow\"><strong>Indeed<\/strong><\/a>.<\/p>\n\n<section class=\"wp-block-query jobs is-layout-flow wp-block-query-is-layout-flow\"><ul class=\"wp-block-post-template is-layout-flow wp-block-post-template-is-layout-flow\"><li class=\"wp-block-post post-3663 jobs type-jobs status-publish hentry jobdetails-bremen jobdetails-duales-studium jobdetails-mobiles-arbeiten jobdetails-vollzeit stellenanzeige-stellenangebot\">\n<h3 class=\"wp-block-post-title\"><a href=\"https:\/\/cargosoft.de\/jobs\/it-software-consultant-anwendungsbetreuer-plus-moeglichkeit-zum-bachelor-of-science-b-sc\/\" target=\"_self\">IT Software Consultant \/ Anwendungsbetreuer PLUS M\u00f6glichkeit zum Bachelor of Science (B.Sc.)<\/a><\/h3>\n\n<div class=\"wp-block-post-excerpt\"><p class=\"wp-block-post-excerpt__excerpt\">Wir suchen f\u00fcr unseren Standort in Bremen zum n\u00e4chstm\u00f6glichen Zeitpunkt in Vollzeit (40 Stunden\/Woche) einen IT Software Consultant \/ Anwendungsbetreuer (w\/m\/d) im Bereich Logistik mit M\u00f6glichkeit zum Bachelor of Science (B. Sc.).<\/p><p class=\"wp-block-post-excerpt__more-text\"><a class=\"wp-block-post-excerpt__more-link\" href=\"https:\/\/cargosoft.de\/jobs\/it-software-consultant-anwendungsbetreuer-plus-moeglichkeit-zum-bachelor-of-science-b-sc\/\">to the job advertisement<\/a><\/p><\/div>\n<\/li><li class=\"wp-block-post post-3455 jobs type-jobs status-publish hentry jobdetails-fulltime stellenanzeige-job-offer\">\n<h3 class=\"wp-block-post-title\"><a href=\"https:\/\/cargosoft.de\/en\/jobs\/inside-sales-representative\/\" target=\"_self\">Full-time employee in internal sales<\/a><\/h3>\n\n<div class=\"wp-block-post-excerpt\"><p class=\"wp-block-post-excerpt__excerpt\">We are looking for a full-time internal sales representative at our location in Bremen to start as soon as possible.<\/p><p class=\"wp-block-post-excerpt__more-text\"><a class=\"wp-block-post-excerpt__more-link\" href=\"https:\/\/cargosoft.de\/en\/jobs\/inside-sales-representative\/\">to the job advertisement<\/a><\/p><\/div>\n<\/li><\/ul>\n\n\n\n<\/section>\n","protected":false},"excerpt":{"rendered":"<p>As one of Europe&#8217;s leading providers of tailor-made software solutions for the transportation and logistics industry, we are regularly on the lookout for employees who want to help us build on our success. At the interface of IT and logistics, we connect two future industries. Become part of our competent, committed team. With us you[&#8230;]<\/p>\n","protected":false},"author":1,"featured_media":0,"parent":2528,"menu_order":0,"comment_status":"closed","ping_status":"closed","template":"","meta":{"_acf_changed":false,"footnotes":""},"class_list":["post-2778","page","type-page","status-publish","hentry"],"acf":[],"_links":{"self":[{"href":"https:\/\/cargosoft.de\/en\/wp-json\/wp\/v2\/pages\/2778","targetHints":{"allow":["GET"]}}],"collection":[{"href":"https:\/\/cargosoft.de\/en\/wp-json\/wp\/v2\/pages"}],"about":[{"href":"https:\/\/cargosoft.de\/en\/wp-json\/wp\/v2\/types\/page"}],"author":[{"embeddable":true,"href":"https:\/\/cargosoft.de\/en\/wp-json\/wp\/v2\/users\/1"}],"replies":[{"embeddable":true,"href":"https:\/\/cargosoft.de\/en\/wp-json\/wp\/v2\/comments?post=2778"}],"version-history":[{"count":2,"href":"https:\/\/cargosoft.de\/en\/wp-json\/wp\/v2\/pages\/2778\/revisions"}],"predecessor-version":[{"id":5472,"href":"https:\/\/cargosoft.de\/en\/wp-json\/wp\/v2\/pages\/2778\/revisions\/5472"}],"up":[{"embeddable":true,"href":"https:\/\/cargosoft.de\/en\/wp-json\/wp\/v2\/pages\/2528"}],"wp:attachment":[{"href":"https:\/\/cargosoft.de\/en\/wp-json\/wp\/v2\/media?parent=2778"}],"curies":[{"name":"wp","href":"https:\/\/api.w.org\/{rel}","templated":true}]}}